{"id":156,"date":"2024-10-01T12:33:05","date_gmt":"2024-10-01T12:33:05","guid":{"rendered":"https:\/\/demo.awaikenthemes.com\/primecare\/demo2\/?page_id=156"},"modified":"2025-03-26T08:09:51","modified_gmt":"2025-03-26T08:09:51","slug":"contacto","status":"publish","type":"page","link":"https:\/\/clinicamartagarcia.es\/en\/contacto\/","title":{"rendered":"Contacto"},"content":{"rendered":"<div data-elementor-type=\"wp-page\" data-elementor-id=\"156\" class=\"elementor elementor-156\" data-elementor-post-type=\"page\">\n\t\t\t\t<div class=\"elementor-element elementor-element-e697f51 e-flex e-con-boxed e-con e-parent\" data-id=\"e697f51\" data-element_type=\"container\" data-settings=\"{&quot;background_background&quot;:&quot;classic&quot;}\">\n\t\t\t\t\t<div class=\"e-con-inner\">\n\t\t<div class=\"elementor-element elementor-element-afde11b e-con-full e-flex e-con e-child\" data-id=\"afde11b\" data-element_type=\"container\">\n\t\t\t\t<div class=\"elementor-element elementor-element-b0d7fbf at-heading-animation at-animation-heading-style-3 elementor-widget elementor-widget-heading\" data-id=\"b0d7fbf\" data-element_type=\"widget\" data-settings=\"{&quot;ekit_we_effect_on&quot;:&quot;none&quot;}\" data-widget_type=\"heading.default\">\n\t\t\t\t<div class=\"elementor-widget-container\">\n\t\t\t\t\t<h1 class=\"elementor-heading-title elementor-size-default\">CONTACTO<\/h1>\t\t\t\t<\/div>\n\t\t\t\t<\/div>\n\t\t\t\t<div class=\"elementor-element elementor-element-da62c78 elementor-invisible elementor-widget elementor-widget-elementskit-breadcrumb\" data-id=\"da62c78\" data-element_type=\"widget\" data-settings=\"{&quot;_animation&quot;:&quot;fadeInUp&quot;,&quot;ekit_we_effect_on&quot;:&quot;none&quot;}\" data-widget_type=\"elementskit-breadcrumb.default\">\n\t\t\t\t<div class=\"elementor-widget-container\">\n\t\t\t\t\t<div class=\"ekit-wid-con\" ><ol class=\"ekit-breadcrumb\"><li class=\"ekit_breadcrumbs_start\"><a href=\"https:\/\/clinicamartagarcia.es\/en\/\">Home<\/a><\/li> <li class=\"brd_sep\"><span class=\"separate_icon\"><svg xmlns=\"http:\/\/www.w3.org\/2000\/svg\" width=\"6\" height=\"11\" viewbox=\"0 0 6 11\"><path d=\"M0.47836 9.94636L2.28556 5.06251L4.09276 0.178656L5.17933 0.256117L1.56493 10.0238L0.47836 9.94636Z\" fill=\"white\"><\/path><\/svg><\/span><\/li>  <li>Contacto<\/li><\/ol><\/div>\t\t\t\t<\/div>\n\t\t\t\t<\/div>\n\t\t\t\t<\/div>\n\t\t\t\t\t<\/div>\n\t\t\t\t<\/div>\n\t\t<div class=\"elementor-element elementor-element-117dab5 e-flex e-con-boxed e-con e-parent\" data-id=\"117dab5\" data-element_type=\"container\">\n\t\t\t\t\t<div class=\"e-con-inner\">\n\t\t<div class=\"elementor-element elementor-element-50783ee e-con-full e-flex e-con e-child\" data-id=\"50783ee\" data-element_type=\"container\">\n\t\t<div class=\"elementor-element elementor-element-addf0ef e-con-full sticky-column e-flex e-con e-child\" data-id=\"addf0ef\" data-element_type=\"container\">\n\t\t<div class=\"elementor-element elementor-element-4b5a890 e-con-full e-flex e-con e-child\" data-id=\"4b5a890\" data-element_type=\"container\" data-settings=\"{&quot;background_background&quot;:&quot;classic&quot;}\">\n\t\t\t\t<div class=\"elementor-element elementor-element-ac4064c elementor-view-framed elementor-shape-square elementor-position-left elementor-vertical-align-middle v2-contect-info elementor-mobile-position-left elementor-widget__width-initial elementor-widget-mobile__width-inherit elementor-invisible elementor-widget elementor-widget-icon-box\" data-id=\"ac4064c\" data-element_type=\"widget\" data-settings=\"{&quot;_animation&quot;:&quot;fadeInUp&quot;,&quot;ekit_we_effect_on&quot;:&quot;none&quot;}\" data-widget_type=\"icon-box.default\">\n\t\t\t\t<div class=\"elementor-widget-container\">\n\t\t\t\t\t\t\t<div class=\"elementor-icon-box-wrapper\">\n\n\t\t\t\t\t\t<div class=\"elementor-icon-box-icon\">\n\t\t\t\t<a href=\"tel:967040804\" class=\"elementor-icon\" tabindex=\"-1\" aria-label=\"TEL\u00c9FONO\">\n\t\t\t\t<svg xmlns=\"http:\/\/www.w3.org\/2000\/svg\" width=\"24\" height=\"25\" viewbox=\"0 0 24 25\" fill=\"none\"><path d=\"M23.3816 18.2088L20.3988 15.2253C19.603 14.4295 18.2125 14.4281 17.4154 15.2253L16.918 15.7227L22.8844 21.6888L23.3816 21.1916C24.2075 20.3657 24.2047 19.0305 23.3816 18.2088Z\" fill=\"white\"><\/path><path d=\"M15.896 16.6889C15.2684 17.1752 14.373 17.1558 13.7994 16.581L7.90179 10.6792C7.32696 10.1044 7.3076 9.20835 7.79384 8.58225L1.84114 2.62988C-0.71968 5.61488 -0.619555 10.1127 2.20677 12.939L11.5397 22.276C14.2519 24.9881 18.6945 25.3478 21.849 22.6415L15.896 16.6889Z\" fill=\"white\"><\/path><path d=\"M9.2566 4.08084L6.27381 1.09739C5.47796 0.301549 4.08751 0.30019 3.29036 1.09739L2.79297 1.59478L8.75939 7.56088L9.2566 7.06363C10.0824 6.23779 10.0797 4.9026 9.2566 4.08084Z\" fill=\"white\"><\/path><\/svg>\t\t\t\t<\/a>\n\t\t\t<\/div>\n\t\t\t\n\t\t\t\t\t\t<div class=\"elementor-icon-box-content\">\n\n\t\t\t\t\t\t\t\t\t<h3 class=\"elementor-icon-box-title\">\n\t\t\t\t\t\t<a href=\"tel:967040804\" >\n\t\t\t\t\t\t\tTEL\u00c9FONO\t\t\t\t\t\t<\/a>\n\t\t\t\t\t<\/h3>\n\t\t\t\t\n\t\t\t\t\t\t\t\t\t<p class=\"elementor-icon-box-description\">\n\t\t\t\t\t\t967 04 08 04\t\t\t\t\t<\/p>\n\t\t\t\t\n\t\t\t<\/div>\n\t\t\t\n\t\t<\/div>\n\t\t\t\t\t\t<\/div>\n\t\t\t\t<\/div>\n\t\t\t\t<div class=\"elementor-element elementor-element-4fc1611 elementor-view-framed elementor-shape-square elementor-position-left elementor-vertical-align-middle v2-contect-info elementor-mobile-position-left elementor-widget__width-initial elementor-widget-mobile__width-inherit elementor-invisible elementor-widget elementor-widget-icon-box\" data-id=\"4fc1611\" data-element_type=\"widget\" data-settings=\"{&quot;_animation&quot;:&quot;fadeInUp&quot;,&quot;ekit_we_effect_on&quot;:&quot;none&quot;}\" data-widget_type=\"icon-box.default\">\n\t\t\t\t<div class=\"elementor-widget-container\">\n\t\t\t\t\t\t\t<div class=\"elementor-icon-box-wrapper\">\n\n\t\t\t\t\t\t<div class=\"elementor-icon-box-icon\">\n\t\t\t\t<a href=\"https:\/\/maps.app.goo.gl\/zhSWJLPtMsDv113D9\" class=\"elementor-icon\" tabindex=\"-1\" aria-label=\"DIRECCI\u00d3N\">\n\t\t\t\t<svg xmlns=\"http:\/\/www.w3.org\/2000\/svg\" width=\"25\" height=\"25\" viewbox=\"0 0 25 25\" fill=\"none\"><g clip-path=\"url(#clip0_133_530)\"><path d=\"M12.333 6.125C10.7819 6.125 9.52051 7.38636 9.52051 8.9375C9.52051 10.496 10.7796 11.75 12.333 11.75C13.9142 11.75 15.1455 10.4724 15.1455 8.9375C15.1455 7.38636 13.8841 6.125 12.333 6.125Z\" fill=\"white\"><\/path><path d=\"M12.333 0.5C7.68029 0.5 3.89551 4.28478 3.89551 8.9375C3.89551 10.5092 4.33084 12.0432 5.15415 13.3739L11.8524 24.1673C12.1301 24.6159 12.785 24.609 13.054 24.1577L19.5813 13.2599C20.3585 11.9574 20.7705 10.4625 20.7705 8.9375C20.7705 4.28478 16.9857 0.5 12.333 0.5ZM12.333 13.1656C9.97309 13.1656 8.10488 11.2447 8.10488 8.9375C8.10488 6.61114 10.0066 4.70938 12.333 4.70938C14.6594 4.70938 16.5611 6.61114 16.5611 8.9375C16.5611 11.2244 14.7181 13.1656 12.333 13.1656Z\" fill=\"white\"><\/path><\/g><defs><clippath id=\"clip0_133_530\"><rect width=\"24\" height=\"24\" fill=\"white\" transform=\"translate(0.333008 0.5)\"><\/rect><\/clippath><\/defs><\/svg>\t\t\t\t<\/a>\n\t\t\t<\/div>\n\t\t\t\n\t\t\t\t\t\t<div class=\"elementor-icon-box-content\">\n\n\t\t\t\t\t\t\t\t\t<h3 class=\"elementor-icon-box-title\">\n\t\t\t\t\t\t<a href=\"https:\/\/maps.app.goo.gl\/zhSWJLPtMsDv113D9\" >\n\t\t\t\t\t\t\tDIRECCI\u00d3N\t\t\t\t\t\t<\/a>\n\t\t\t\t\t<\/h3>\n\t\t\t\t\n\t\t\t\t\t\t\t\t\t<p class=\"elementor-icon-box-description\">\n\t\t\t\t\t\tC. Teodoro Camino, 27, Albacete\t\t\t\t\t<\/p>\n\t\t\t\t\n\t\t\t<\/div>\n\t\t\t\n\t\t<\/div>\n\t\t\t\t\t\t<\/div>\n\t\t\t\t<\/div>\n\t\t\t\t<div class=\"elementor-element elementor-element-b575810 elementor-view-framed elementor-shape-square elementor-position-left elementor-vertical-align-middle v2-contect-info elementor-mobile-position-left elementor-widget__width-initial elementor-widget-mobile__width-inherit elementor-invisible elementor-widget elementor-widget-icon-box\" data-id=\"b575810\" data-element_type=\"widget\" data-settings=\"{&quot;_animation&quot;:&quot;fadeInUp&quot;,&quot;ekit_we_effect_on&quot;:&quot;none&quot;}\" data-widget_type=\"icon-box.default\">\n\t\t\t\t<div class=\"elementor-widget-container\">\n\t\t\t\t\t\t\t<div class=\"elementor-icon-box-wrapper\">\n\n\t\t\t\t\t\t<div class=\"elementor-icon-box-icon\">\n\t\t\t\t<a href=\"mailto:info@clinicamartagarcia.es\" class=\"elementor-icon\" tabindex=\"-1\" aria-label=\"CORREO ELECTR\u00d3NICO\">\n\t\t\t\t<svg xmlns=\"http:\/\/www.w3.org\/2000\/svg\" width=\"24\" height=\"24\" viewbox=\"0 0 24 24\" fill=\"none\"><path d=\"M1.45312 9.52551V21.8906C1.45312 22.2153 1.53295 22.5193 1.66453 22.7943L8.19323 16.2656C5.69137 13.7638 4.05422 12.1266 1.45312 9.52551Z\" fill=\"white\"><\/path><path d=\"M15.8066 16.2656L22.3353 22.7943C22.4669 22.5193 22.5468 22.2153 22.5468 21.8906V9.52551C20.0506 12.0217 18.3359 13.7364 15.8066 16.2656Z\" fill=\"white\"><\/path><path d=\"M12 7.125C11.6127 7.125 11.2969 7.44019 11.2969 7.82812C11.2969 8.21606 11.6127 8.53125 12 8.53125C12.4869 8.53125 12.6161 8.19736 12.6933 7.7797C12.6671 7.41553 12.3701 7.125 12 7.125Z\" fill=\"white\"><\/path><path d=\"M14.5217 16.9688H9.47902L2.65918 23.7886C2.9342 23.9202 3.23818 24 3.56288 24H20.4379C20.7626 24 21.0666 23.9202 21.3416 23.7886L14.5217 16.9688Z\" fill=\"white\"><\/path><path d=\"M2.15625 8.24011L4.26562 10.3495V6.13074L2.15625 8.24011Z\" fill=\"white\"><\/path><path d=\"M19.7344 6.13074V10.3495L21.8438 8.24011L19.7344 6.13074Z\" fill=\"white\"><\/path><path d=\"M17.4272 0H6.44091C6.01617 0 5.67188 0.344297 5.67188 0.769031V11.7557L9.47864 15.5625H14.5214L18.3281 11.7557V0.900891C18.3281 0.403359 17.9248 0 17.4272 0ZM13.4057 9.3893C13.0318 9.72637 12.5419 9.9375 12 9.9375C10.8368 9.9375 9.89062 8.99128 9.89062 7.82812C9.89062 6.66497 10.8368 5.71875 12 5.71875C13.1632 5.71875 14.1094 6.66497 14.1094 7.82812C14.1094 8.75756 15.5156 8.75756 15.5156 7.82812C15.5156 5.8897 13.9391 4.3125 12 4.3125C10.0609 4.3125 8.48438 5.8897 8.48438 7.82812C8.48438 9.03113 9.09136 10.1387 10.109 10.791C11.1527 11.4584 12.4449 11.5216 13.6575 10.9647C14.4958 10.5753 15.0922 11.853 14.2453 12.2419C12.6336 12.9833 10.8435 12.9309 9.35091 11.9748C7.9282 11.0629 7.07812 9.51314 7.07812 7.82812C7.07812 5.11448 9.28636 2.90625 12 2.90625C14.7136 2.90625 16.9219 5.11448 16.9219 7.82812C16.9219 9.63562 14.7728 10.6236 13.4057 9.3893Z\" fill=\"white\"><\/path><\/svg>\t\t\t\t<\/a>\n\t\t\t<\/div>\n\t\t\t\n\t\t\t\t\t\t<div class=\"elementor-icon-box-content\">\n\n\t\t\t\t\t\t\t\t\t<h3 class=\"elementor-icon-box-title\">\n\t\t\t\t\t\t<a href=\"mailto:info@clinicamartagarcia.es\" >\n\t\t\t\t\t\t\tCORREO ELECTR\u00d3NICO\t\t\t\t\t\t<\/a>\n\t\t\t\t\t<\/h3>\n\t\t\t\t\n\t\t\t\t\t\t\t\t\t<p class=\"elementor-icon-box-description\">\n\t\t\t\t\t\tinfo@clinicamartagarcia.es\t\t\t\t\t<\/p>\n\t\t\t\t\n\t\t\t<\/div>\n\t\t\t\n\t\t<\/div>\n\t\t\t\t\t\t<\/div>\n\t\t\t\t<\/div>\n\t\t<div class=\"elementor-element elementor-element-d473e95 e-con-full e-flex e-con e-child\" data-id=\"d473e95\" data-element_type=\"container\">\n\t\t\t\t<div class=\"elementor-element elementor-element-4c94762 at-heading-animation at-animation-heading-none elementor-widget elementor-widget-heading\" data-id=\"4c94762\" data-element_type=\"widget\" data-settings=\"{&quot;ekit_we_effect_on&quot;:&quot;none&quot;}\" data-widget_type=\"heading.default\">\n\t\t\t\t<div class=\"elementor-widget-container\">\n\t\t\t\t\t<span class=\"elementor-heading-title elementor-size-default\">\u00a1S\u00cdGUENOS!<\/span>\t\t\t\t<\/div>\n\t\t\t\t<\/div>\n\t\t\t\t<div class=\"elementor-element elementor-element-2db5382 elementor-shape-square e-grid-align-left v2-footer-social-icon e-grid-align-mobile-left elementor-grid-0 elementor-widget elementor-widget-social-icons\" data-id=\"2db5382\" data-element_type=\"widget\" data-settings=\"{&quot;ekit_we_effect_on&quot;:&quot;none&quot;}\" data-widget_type=\"social-icons.default\">\n\t\t\t\t<div class=\"elementor-widget-container\">\n\t\t\t\t\t\t\t<div class=\"elementor-social-icons-wrapper elementor-grid\">\n\t\t\t\t\t\t\t<span class=\"elementor-grid-item\">\n\t\t\t\t\t<a class=\"elementor-icon elementor-social-icon elementor-social-icon-instagram elementor-repeater-item-ec37283\" href=\"https:\/\/www.instagram.com\/clinicamartagarcia\/\" target=\"_blank\">\n\t\t\t\t\t\t<span class=\"elementor-screen-only\">Instagram<\/span>\n\t\t\t\t\t\t<i class=\"fab fa-instagram\"><\/i>\t\t\t\t\t<\/a>\n\t\t\t\t<\/span>\n\t\t\t\t\t\t\t<span class=\"elementor-grid-item\">\n\t\t\t\t\t<a class=\"elementor-icon elementor-social-icon elementor-social-icon-facebook-f elementor-repeater-item-e1957e5\" href=\"https:\/\/www.facebook.com\/clinicamartagarcia\" target=\"_blank\">\n\t\t\t\t\t\t<span class=\"elementor-screen-only\">Facebook-f<\/span>\n\t\t\t\t\t\t<i class=\"fab fa-facebook-f\"><\/i>\t\t\t\t\t<\/a>\n\t\t\t\t<\/span>\n\t\t\t\t\t\t\t<span class=\"elementor-grid-item\">\n\t\t\t\t\t<a class=\"elementor-icon elementor-social-icon elementor-social-icon-linkedin-in elementor-repeater-item-3f60fe3\" href=\"https:\/\/www.linkedin.com\/company\/cl%C3%ADnica-del-pie-marta-garc%C3%ADa\" target=\"_blank\">\n\t\t\t\t\t\t<span class=\"elementor-screen-only\">Linkedin-in<\/span>\n\t\t\t\t\t\t<i class=\"fab fa-linkedin-in\"><\/i>\t\t\t\t\t<\/a>\n\t\t\t\t<\/span>\n\t\t\t\t\t<\/div>\n\t\t\t\t\t\t<\/div>\n\t\t\t\t<\/div>\n\t\t\t\t<\/div>\n\t\t\t\t<\/div>\n\t\t\t\t<\/div>\n\t\t\t\t<\/div>\n\t\t<div class=\"elementor-element elementor-element-df947dc e-con-full e-flex e-con e-child\" data-id=\"df947dc\" data-element_type=\"container\">\n\t\t<div class=\"elementor-element elementor-element-bf86127 e-con-full e-flex e-con e-child\" data-id=\"bf86127\" data-element_type=\"container\" data-settings=\"{&quot;background_background&quot;:&quot;classic&quot;}\">\n\t\t\t\t<div class=\"elementor-element elementor-element-90ce17e at-heading-animation at-animation-heading-style-3 elementor-widget elementor-widget-heading\" data-id=\"90ce17e\" data-element_type=\"widget\" data-settings=\"{&quot;ekit_we_effect_on&quot;:&quot;none&quot;}\" data-widget_type=\"heading.default\">\n\t\t\t\t<div class=\"elementor-widget-container\">\n\t\t\t\t\t<h2 class=\"elementor-heading-title elementor-size-default\">CONTACTA CON NOSOTROS<\/h2>\t\t\t\t<\/div>\n\t\t\t\t<\/div>\n\t\t\t\t<div class=\"elementor-element elementor-element-2b03fa7 at-heading-animation at-animation-heading-style-1 elementor-widget elementor-widget-heading\" data-id=\"2b03fa7\" data-element_type=\"widget\" data-settings=\"{&quot;ekit_we_effect_on&quot;:&quot;none&quot;}\" data-widget_type=\"heading.default\">\n\t\t\t\t<div class=\"elementor-widget-container\">\n\t\t\t\t\t<p class=\"elementor-heading-title elementor-size-default\">En <b>Cl\u00ednica Marta Garc\u00eda<\/b> queremos cuidar de la salud de tus pies. Si necesitas m\u00e1s informaci\u00f3n, quieres solicitar una cita o tienes alguna duda, rellena el formulario y nos pondremos en contacto contigo.<\/p>\t\t\t\t<\/div>\n\t\t\t\t<\/div>\n\t\t\t\t<div class=\"elementor-element elementor-element-674d729 v2-form-item elementor-invisible elementor-widget elementor-widget-elementskit-contact-form7\" data-id=\"674d729\" data-element_type=\"widget\" data-settings=\"{&quot;_animation&quot;:&quot;fadeInUp&quot;,&quot;_animation_delay&quot;:200,&quot;ekit_we_effect_on&quot;:&quot;none&quot;}\" data-widget_type=\"elementskit-contact-form7.default\">\n\t\t\t\t<div class=\"elementor-widget-container\">\n\t\t\t\t\t<div class=\"ekit-wid-con\" ><div class=\"ekit-form\">\n<div class=\"wpcf7 no-js\" id=\"wpcf7-f7077-p156-o1\" lang=\"en-US\" dir=\"ltr\" data-wpcf7-id=\"7077\">\n<div class=\"screen-reader-response\"><p role=\"status\" aria-live=\"polite\" aria-atomic=\"true\"><\/p> <ul><\/ul><\/div>\n<form action=\"\/en\/contacto\/#wpcf7-f7077-p156-o1\" method=\"post\" class=\"wpcf7-form init\" aria-label=\"Contact form\" novalidate=\"novalidate\" data-status=\"init\" data-trp-original-action=\"\/contacto\/#wpcf7-f7077-p156-o1\">\n<div style=\"display: none;\">\n<input type=\"hidden\" name=\"_wpcf7\" value=\"7077\" \/>\n<input type=\"hidden\" name=\"_wpcf7_version\" value=\"6.0.5\" \/>\n<input type=\"hidden\" name=\"_wpcf7_locale\" value=\"en_US\" \/>\n<input type=\"hidden\" name=\"_wpcf7_unit_tag\" value=\"wpcf7-f7077-p156-o1\" \/>\n<input type=\"hidden\" name=\"_wpcf7_container_post\" value=\"156\" \/>\n<input type=\"hidden\" name=\"_wpcf7_posted_data_hash\" value=\"\" \/>\n<\/div>\n<div class=\"row\">\n\t<div class=\"form-group col-md-6 mb-4\">\n\t\t<p><span class=\"wpcf7-form-control-wrap\" data-name=\"your-name\"><input size=\"40\" maxlength=\"400\" class=\"wpcf7-form-control wpcf7-text wpcf7-validates-as-required form-control\" id=\"your-name\" aria-required=\"true\" aria-invalid=\"false\" placeholder=\"Nombre\" value=\"\" type=\"text\" name=\"your-name\" \/><\/span>\n\t\t<\/p>\n\t<\/div>\n\t<div class=\"form-group col-md-6 mb-4\">\n\t\t<p><span class=\"wpcf7-form-control-wrap\" data-name=\"text-829\"><input size=\"40\" maxlength=\"400\" class=\"wpcf7-form-control wpcf7-text wpcf7-validates-as-required form-control\" id=\"text-829\" aria-required=\"true\" aria-invalid=\"false\" placeholder=\"Apellidos\" value=\"\" type=\"text\" name=\"text-829\" \/><\/span>\n\t\t<\/p>\n\t<\/div>\n\t<div class=\"form-group col-md-12 mb-12 mb-4\">\n\t\t<p><span class=\"wpcf7-form-control-wrap\" data-name=\"email\"><input size=\"40\" maxlength=\"400\" class=\"wpcf7-form-control wpcf7-email wpcf7-validates-as-required wpcf7-text wpcf7-validates-as-email form-control\" id=\"email\" aria-required=\"true\" aria-invalid=\"false\" placeholder=\"Correo electr\u00f3nico\" value=\"\" type=\"email\" name=\"email\" \/><\/span>\n\t\t<\/p>\n\t<\/div>\n\t<div class=\"form-group col-md-12 mb-12 mb-4\">\n\t\t<p><span class=\"wpcf7-form-control-wrap\" data-name=\"text-655\"><input size=\"40\" maxlength=\"400\" class=\"wpcf7-form-control wpcf7-text wpcf7-validates-as-required form-control\" id=\"text-655\" aria-required=\"true\" aria-invalid=\"false\" placeholder=\"Asunto\" value=\"\" type=\"text\" name=\"text-655\" \/><\/span>\n\t\t<\/p>\n\t<\/div>\n\t<div class=\"form-group col-md-12 mb-3 mb-4\">\n\t\t<p><span class=\"wpcf7-form-control-wrap\" data-name=\"message\"><textarea cols=\"40\" rows=\"10\" maxlength=\"2000\" class=\"wpcf7-form-control wpcf7-textarea form-control\" id=\"msg\" aria-invalid=\"false\" placeholder=\"Mensaje...\" name=\"message\"><\/textarea><\/span>\n\t\t<\/p>\n\t<\/div>\n\t<div class=\"col-md-12 form-btn\">\n\t\t<p><input class=\"wpcf7-form-control wpcf7-submit has-spinner btn-default\" id=\"msgSubmit\" type=\"submit\" value=\"ENVIAR FORMULARIO\" \/>\n\t\t<\/p>\n\t<\/div>\n<\/div><div class=\"wpcf7-response-output\" aria-hidden=\"true\"><\/div>\n<input type=\"hidden\" name=\"trp-form-language\" value=\"en\"\/><\/form>\n<\/div>\n<\/div><\/div>\t\t\t\t<\/div>\n\t\t\t\t<\/div>\n\t\t\t\t<\/div>\n\t\t\t\t<\/div>\n\t\t\t\t\t<\/div>\n\t\t\t\t<\/div>\n\t\t<div class=\"elementor-element elementor-element-76c73ed e-flex e-con-boxed e-con e-parent\" data-id=\"76c73ed\" data-element_type=\"container\">\n\t\t\t\t\t<div class=\"e-con-inner\">\n\t\t<div class=\"elementor-element elementor-element-6ac6bb9 e-con-full e-flex e-con e-child\" data-id=\"6ac6bb9\" data-element_type=\"container\">\n\t\t\t\t<div class=\"elementor-element elementor-element-2b4dcac at-heading-animation at-animation-heading-style-3 elementor-widget elementor-widget-heading\" data-id=\"2b4dcac\" data-element_type=\"widget\" data-settings=\"{&quot;ekit_we_effect_on&quot;:&quot;none&quot;}\" data-widget_type=\"heading.default\">\n\t\t\t\t<div class=\"elementor-widget-container\">\n\t\t\t\t\t<h2 class=\"elementor-heading-title elementor-size-default\">\u00bfD\u00d3NDE NOS UBICAMOS?<\/h2>\t\t\t\t<\/div>\n\t\t\t\t<\/div>\n\t\t\t\t<\/div>\n\t\t<div class=\"elementor-element elementor-element-77f3adf e-con-full e-flex elementor-invisible e-con e-child\" data-id=\"77f3adf\" data-element_type=\"container\" data-settings=\"{&quot;animation&quot;:&quot;fadeIn&quot;,&quot;animation_delay&quot;:200}\">\n\t\t\t\t<div class=\"elementor-element elementor-element-cdced6b elementor-widget elementor-widget-google_maps\" data-id=\"cdced6b\" data-element_type=\"widget\" data-settings=\"{&quot;ekit_we_effect_on&quot;:&quot;none&quot;}\" data-widget_type=\"google_maps.default\">\n\t\t\t\t<div class=\"elementor-widget-container\">\n\t\t\t\t\t\t\t<div class=\"elementor-custom-embed\">\n\t\t\t<iframe loading=\"lazy\"\n\t\t\t\t\tsrc=\"https:\/\/maps.google.com\/maps?q=clinica%20del%20pie%20Marta%20Garc%C3%ADa&#038;t=m&#038;z=17&#038;output=embed&#038;iwloc=near\"\n\t\t\t\t\ttitle=\"clinica del pie Marta Garc\u00eda\"\n\t\t\t\t\taria-label=\"clinica del pie Marta Garc\u00eda\"\n\t\t\t><\/iframe>\n\t\t<\/div>\n\t\t\t\t\t\t<\/div>\n\t\t\t\t<\/div>\n\t\t\t\t<\/div>\n\t\t\t\t\t<\/div>\n\t\t\t\t<\/div>\n\t\t\t\t<\/div>","protected":false},"excerpt":{"rendered":"<p>CONTACTO Home TEL\u00c9FONO 967 04 08 04 DIRECCI\u00d3N C. Teodoro Camino, 27, Albacete CORREO ELECTR\u00d3NICO [&hellip;]<\/p>","protected":false},"author":1,"featured_media":0,"parent":0,"menu_order":0,"comment_status":"closed","ping_status":"closed","template":"elementor_header_footer","meta":{"_mi_skip_tracking":false,"_monsterinsights_sitenote_active":false,"_monsterinsights_sitenote_note":"","_monsterinsights_sitenote_category":0,"footnotes":""},"class_list":["post-156","page","type-page","status-publish","hentry"],"_links":{"self":[{"href":"https:\/\/clinicamartagarcia.es\/en\/wp-json\/wp\/v2\/pages\/156","targetHints":{"allow":["GET"]}}],"collection":[{"href":"https:\/\/clinicamartagarcia.es\/en\/wp-json\/wp\/v2\/pages"}],"about":[{"href":"https:\/\/clinicamartagarcia.es\/en\/wp-json\/wp\/v2\/types\/page"}],"author":[{"embeddable":true,"href":"https:\/\/clinicamartagarcia.es\/en\/wp-json\/wp\/v2\/users\/1"}],"replies":[{"embeddable":true,"href":"https:\/\/clinicamartagarcia.es\/en\/wp-json\/wp\/v2\/comments?post=156"}],"version-history":[{"count":0,"href":"https:\/\/clinicamartagarcia.es\/en\/wp-json\/wp\/v2\/pages\/156\/revisions"}],"wp:attachment":[{"href":"https:\/\/clinicamartagarcia.es\/en\/wp-json\/wp\/v2\/media?parent=156"}],"curies":[{"name":"wp","href":"https:\/\/api.w.org\/{rel}","templated":true}]}}