{"id":7869,"date":"2025-02-28T13:17:14","date_gmt":"2025-02-28T13:17:14","guid":{"rendered":"https:\/\/clinicamartagarcia.es\/?page_id=7869"},"modified":"2025-03-26T07:58:25","modified_gmt":"2025-03-26T07:58:25","slug":"cirugia-ungueal","status":"publish","type":"page","link":"https:\/\/clinicamartagarcia.es\/en\/tratamientos\/cirugia-ungueal\/","title":{"rendered":"Cirug\u00eda Ungueal"},"content":{"rendered":"<div data-elementor-type=\"wp-page\" data-elementor-id=\"7869\" class=\"elementor elementor-7869\" data-elementor-post-type=\"page\">\n\t\t\t\t<div class=\"elementor-element elementor-element-89c29c3 e-flex e-con-boxed e-con e-parent\" data-id=\"89c29c3\" data-element_type=\"container\" data-settings=\"{&quot;background_background&quot;:&quot;classic&quot;}\">\n\t\t\t\t\t<div class=\"e-con-inner\">\n\t\t<div class=\"elementor-element elementor-element-dca0ab1 e-con-full e-flex e-con e-child\" data-id=\"dca0ab1\" data-element_type=\"container\">\n\t\t\t\t<div class=\"elementor-element elementor-element-7b54785 at-heading-animation at-animation-heading-style-3 elementor-widget elementor-widget-heading\" data-id=\"7b54785\" data-element_type=\"widget\" data-settings=\"{&quot;ekit_we_effect_on&quot;:&quot;none&quot;}\" data-widget_type=\"heading.default\">\n\t\t\t\t<div class=\"elementor-widget-container\">\n\t\t\t\t\t<h1 class=\"elementor-heading-title elementor-size-default\">CIRUG\u00cdA UNGUEAL<\/h1>\t\t\t\t<\/div>\n\t\t\t\t<\/div>\n\t\t\t\t<div class=\"elementor-element elementor-element-671e4d8 elementor-invisible elementor-widget elementor-widget-elementskit-breadcrumb\" data-id=\"671e4d8\" data-element_type=\"widget\" data-settings=\"{&quot;_animation&quot;:&quot;fadeInUp&quot;,&quot;ekit_we_effect_on&quot;:&quot;none&quot;}\" data-widget_type=\"elementskit-breadcrumb.default\">\n\t\t\t\t<div class=\"elementor-widget-container\">\n\t\t\t\t\t<div class=\"ekit-wid-con\" ><ol class=\"ekit-breadcrumb\"><li class=\"ekit_breadcrumbs_start\"><a href=\"https:\/\/clinicamartagarcia.es\/en\/\">Home<\/a><\/li> <li class=\"brd_sep\"><span class=\"separate_icon\"><svg xmlns=\"http:\/\/www.w3.org\/2000\/svg\" width=\"6\" height=\"11\" viewbox=\"0 0 6 11\"><path d=\"M0.47836 9.94636L2.28556 5.06251L4.09276 0.178656L5.17933 0.256117L1.56493 10.0238L0.47836 9.94636Z\" fill=\"white\"><\/path><\/svg><\/span><\/li> <li><a href=\"https:\/\/clinicamartagarcia.es\/en\/tratamientos\/\" title=\"Tratamientos\">Tratamientos<\/a><\/li> <li class=\"brd_sep\"><span class=\"separate_icon\"><svg xmlns=\"http:\/\/www.w3.org\/2000\/svg\" width=\"6\" height=\"11\" viewbox=\"0 0 6 11\"><path d=\"M0.47836 9.94636L2.28556 5.06251L4.09276 0.178656L5.17933 0.256117L1.56493 10.0238L0.47836 9.94636Z\" fill=\"white\"><\/path><\/svg><\/span><\/li>  <li>Cirug\u00eda Ungueal<\/li><\/ol><\/div>\t\t\t\t<\/div>\n\t\t\t\t<\/div>\n\t\t\t\t<\/div>\n\t\t\t\t\t<\/div>\n\t\t\t\t<\/div>\n\t\t<div class=\"elementor-element elementor-element-32bcbab e-flex e-con-boxed e-con e-parent\" data-id=\"32bcbab\" data-element_type=\"container\">\n\t\t\t\t\t<div class=\"e-con-inner\">\n\t\t<div class=\"elementor-element elementor-element-f63b7ec e-con-full e-flex e-con e-child\" data-id=\"f63b7ec\" data-element_type=\"container\">\n\t\t<div class=\"elementor-element elementor-element-0ebd1f9 e-con-full e-flex e-con e-child\" data-id=\"0ebd1f9\" data-element_type=\"container\">\n\t\t\t\t<div class=\"elementor-element elementor-element-5a09694 elementor-pagination-position-inside v2-service-slider-image elementor-invisible elementor-widget elementor-widget-image-carousel\" data-id=\"5a09694\" data-element_type=\"widget\" data-settings=\"{&quot;slides_to_show&quot;:&quot;1&quot;,&quot;navigation&quot;:&quot;dots&quot;,&quot;_animation&quot;:&quot;fadeIn&quot;,&quot;_animation_delay&quot;:200,&quot;autoplay&quot;:&quot;yes&quot;,&quot;pause_on_hover&quot;:&quot;yes&quot;,&quot;pause_on_interaction&quot;:&quot;yes&quot;,&quot;autoplay_speed&quot;:5000,&quot;infinite&quot;:&quot;yes&quot;,&quot;effect&quot;:&quot;slide&quot;,&quot;speed&quot;:500,&quot;ekit_we_effect_on&quot;:&quot;none&quot;}\" data-widget_type=\"image-carousel.default\">\n\t\t\t\t<div class=\"elementor-widget-container\">\n\t\t\t\t\t\t\t<div class=\"elementor-image-carousel-wrapper swiper\" role=\"region\" aria-roledescription=\"carousel\" aria-label=\"Carrusel de im\u00e1genes\" dir=\"ltr\">\n\t\t\t<div class=\"elementor-image-carousel swiper-wrapper\" aria-live=\"off\">\n\t\t\t\t\t\t\t\t<div class=\"swiper-slide\" role=\"group\" aria-roledescription=\"slide\" aria-label=\"1 de 1\"><figure class=\"swiper-slide-inner\"><img decoding=\"async\" class=\"swiper-slide-image\" src=\"https:\/\/clinicamartagarcia.es\/wp-content\/uploads\/2025\/03\/IMG_7056.png\" alt=\"IMG_7056\" \/><\/figure><\/div>\t\t\t<\/div>\n\t\t\t\t\t<\/div>\n\t\t\t\t\t\t<\/div>\n\t\t\t\t<\/div>\n\t\t\t\t<\/div>\n\t\t<div class=\"elementor-element elementor-element-d54c1b0 e-con-full e-flex e-con e-child\" data-id=\"d54c1b0\" data-element_type=\"container\">\n\t\t\t\t<div class=\"elementor-element elementor-element-b9b6749 elementor-widget elementor-widget-heading\" data-id=\"b9b6749\" data-element_type=\"widget\" data-settings=\"{&quot;ekit_we_effect_on&quot;:&quot;none&quot;}\" data-widget_type=\"heading.default\">\n\t\t\t\t<div class=\"elementor-widget-container\">\n\t\t\t\t\t<p class=\"elementor-heading-title elementor-size-default\">La u\u00f1a encarnada se debe a un inadecuado crecimiento de la lamina ungueal en los laterales de la u\u00f1a que puede provocar dolor, inflamaci\u00f3n e incluso infecci\u00f3n.<br><br>\nNormalmente va a asociado a un factor traum\u00e1tico, un calzado inadecuado o un mal corte de u\u00f1as. Por eso, es tan importante realizar una revisi\u00f3n peri\u00f3dica al pod\u00f3logo para evitar posibles complicaciones. Seg\u00fan el grado de deformidad se plantear\u00e1 un tratamiento conservador o quir\u00fargico.<br><br>\nLa cirug\u00eda ungueal se realiza cuando hay un granuloma o cuando las t\u00e9cnicas conservadoras resultan poco efectivas. En consulta realizamos la matricectom\u00eda qu\u00edmica a trav\u00e9s de Fenol-Alcohol. Es una t\u00e9cnica quir\u00fargica sencilla y con una elevada tasa de \u00e9xitos (98%).<br><br>\nEste procedimiento no requiere incisiones ni sutura y siempre obtenemos un buen aspecto est\u00e9tico.<\/p>\t\t\t\t<\/div>\n\t\t\t\t<\/div>\n\t\t\t\t<\/div>\n\t\t\t\t<\/div>\n\t\t<div class=\"elementor-element elementor-element-d7303b7 e-con-full e-flex e-con e-child\" data-id=\"d7303b7\" data-element_type=\"container\">\n\t\t<div class=\"elementor-element elementor-element-d1f3d43 e-con-full sticky-column e-flex e-con e-child\" data-id=\"d1f3d43\" data-element_type=\"container\">\n\t\t\t\t<div class=\"elementor-element elementor-element-2048a64 elementor-widget elementor-widget-primecare-elementor-template\" data-id=\"2048a64\" data-element_type=\"widget\" data-settings=\"{&quot;ekit_we_effect_on&quot;:&quot;none&quot;}\" data-widget_type=\"primecare-elementor-template.default\">\n\t\t\t\t<div class=\"elementor-widget-container\">\n\t\t\t\t\t\t\t<div class=\"elementor-template\">\n\t\t\t\t\t<\/div>\n\t\t\t\t\t\t<\/div>\n\t\t\t\t<\/div>\n\t\t\t\t<\/div>\n\t\t\t\t<\/div>\n\t\t\t\t\t<\/div>\n\t\t\t\t<\/div>\n\t\t\t\t<\/div>","protected":false},"excerpt":{"rendered":"<p>CIRUG\u00cdA UNGUEAL Home La u\u00f1a encarnada se debe a un inadecuado crecimiento de la lamina [&hellip;]<\/p>","protected":false},"author":1,"featured_media":0,"parent":101,"menu_order":0,"comment_status":"closed","ping_status":"closed","template":"elementor_header_footer","meta":{"_mi_skip_tracking":false,"_monsterinsights_sitenote_active":false,"_monsterinsights_sitenote_note":"","_monsterinsights_sitenote_category":0,"footnotes":""},"class_list":["post-7869","page","type-page","status-publish","hentry"],"_links":{"self":[{"href":"https:\/\/clinicamartagarcia.es\/en\/wp-json\/wp\/v2\/pages\/7869","targetHints":{"allow":["GET"]}}],"collection":[{"href":"https:\/\/clinicamartagarcia.es\/en\/wp-json\/wp\/v2\/pages"}],"about":[{"href":"https:\/\/clinicamartagarcia.es\/en\/wp-json\/wp\/v2\/types\/page"}],"author":[{"embeddable":true,"href":"https:\/\/clinicamartagarcia.es\/en\/wp-json\/wp\/v2\/users\/1"}],"replies":[{"embeddable":true,"href":"https:\/\/clinicamartagarcia.es\/en\/wp-json\/wp\/v2\/comments?post=7869"}],"version-history":[{"count":0,"href":"https:\/\/clinicamartagarcia.es\/en\/wp-json\/wp\/v2\/pages\/7869\/revisions"}],"up":[{"embeddable":true,"href":"https:\/\/clinicamartagarcia.es\/en\/wp-json\/wp\/v2\/pages\/101"}],"wp:attachment":[{"href":"https:\/\/clinicamartagarcia.es\/en\/wp-json\/wp\/v2\/media?parent=7869"}],"curies":[{"name":"wp","href":"https:\/\/api.w.org\/{rel}","templated":true}]}}