{"id":7885,"date":"2025-02-28T13:25:47","date_gmt":"2025-02-28T13:25:47","guid":{"rendered":"https:\/\/clinicamartagarcia.es\/?page_id=7885"},"modified":"2025-03-26T07:58:41","modified_gmt":"2025-03-26T07:58:41","slug":"dermatologia-del-pie","status":"publish","type":"page","link":"https:\/\/clinicamartagarcia.es\/en\/tratamientos\/dermatologia-del-pie\/","title":{"rendered":"Dermatolog\u00eda del pie"},"content":{"rendered":"<div data-elementor-type=\"wp-page\" data-elementor-id=\"7885\" class=\"elementor elementor-7885\" data-elementor-post-type=\"page\">\n\t\t\t\t<div class=\"elementor-element elementor-element-89c29c3 e-flex e-con-boxed e-con e-parent\" data-id=\"89c29c3\" data-element_type=\"container\" data-settings=\"{&quot;background_background&quot;:&quot;classic&quot;}\">\n\t\t\t\t\t<div class=\"e-con-inner\">\n\t\t<div class=\"elementor-element elementor-element-dca0ab1 e-con-full e-flex e-con e-child\" data-id=\"dca0ab1\" data-element_type=\"container\">\n\t\t\t\t<div class=\"elementor-element elementor-element-7b54785 at-heading-animation at-animation-heading-style-3 elementor-widget elementor-widget-heading\" data-id=\"7b54785\" data-element_type=\"widget\" data-settings=\"{&quot;ekit_we_effect_on&quot;:&quot;none&quot;}\" data-widget_type=\"heading.default\">\n\t\t\t\t<div class=\"elementor-widget-container\">\n\t\t\t\t\t<h1 class=\"elementor-heading-title elementor-size-default\">DERMATOLOG\u00cdA DEL PIE<\/h1>\t\t\t\t<\/div>\n\t\t\t\t<\/div>\n\t\t\t\t<div class=\"elementor-element elementor-element-671e4d8 elementor-invisible elementor-widget elementor-widget-elementskit-breadcrumb\" data-id=\"671e4d8\" data-element_type=\"widget\" data-settings=\"{&quot;_animation&quot;:&quot;fadeInUp&quot;,&quot;ekit_we_effect_on&quot;:&quot;none&quot;}\" data-widget_type=\"elementskit-breadcrumb.default\">\n\t\t\t\t<div class=\"elementor-widget-container\">\n\t\t\t\t\t<div class=\"ekit-wid-con\" ><ol class=\"ekit-breadcrumb\"><li class=\"ekit_breadcrumbs_start\"><a href=\"https:\/\/clinicamartagarcia.es\/en\" data-no-translation=\"\" data-trp-gettext=\"\">Home<\/a><\/li> <li class=\"brd_sep\"><span class=\"separate_icon\"><svg xmlns=\"http:\/\/www.w3.org\/2000\/svg\" width=\"6\" height=\"11\" viewbox=\"0 0 6 11\"><path d=\"M0.47836 9.94636L2.28556 5.06251L4.09276 0.178656L5.17933 0.256117L1.56493 10.0238L0.47836 9.94636Z\" fill=\"white\"><\/path><\/svg><\/span><\/li> <li><a href=\"https:\/\/clinicamartagarcia.es\/en\/tratamientos\/\" title=\"Tratamientos\">Tratamientos<\/a><\/li> <li class=\"brd_sep\"><span class=\"separate_icon\"><svg xmlns=\"http:\/\/www.w3.org\/2000\/svg\" width=\"6\" height=\"11\" viewbox=\"0 0 6 11\"><path d=\"M0.47836 9.94636L2.28556 5.06251L4.09276 0.178656L5.17933 0.256117L1.56493 10.0238L0.47836 9.94636Z\" fill=\"white\"><\/path><\/svg><\/span><\/li>  <li>Dermatolog\u00eda del pie<\/li><\/ol><\/div>\t\t\t\t<\/div>\n\t\t\t\t<\/div>\n\t\t\t\t<\/div>\n\t\t\t\t\t<\/div>\n\t\t\t\t<\/div>\n\t\t<div class=\"elementor-element elementor-element-32bcbab e-flex e-con-boxed e-con e-parent\" data-id=\"32bcbab\" data-element_type=\"container\">\n\t\t\t\t\t<div class=\"e-con-inner\">\n\t\t<div class=\"elementor-element elementor-element-f63b7ec e-con-full e-flex e-con e-child\" data-id=\"f63b7ec\" data-element_type=\"container\">\n\t\t<div class=\"elementor-element elementor-element-0ebd1f9 e-con-full e-flex e-con e-child\" data-id=\"0ebd1f9\" data-element_type=\"container\">\n\t\t\t\t<div class=\"elementor-element elementor-element-5a09694 elementor-pagination-position-inside v2-service-slider-image elementor-invisible elementor-widget elementor-widget-image-carousel\" data-id=\"5a09694\" data-element_type=\"widget\" data-settings=\"{&quot;slides_to_show&quot;:&quot;1&quot;,&quot;navigation&quot;:&quot;dots&quot;,&quot;_animation&quot;:&quot;fadeIn&quot;,&quot;_animation_delay&quot;:200,&quot;autoplay&quot;:&quot;yes&quot;,&quot;pause_on_hover&quot;:&quot;yes&quot;,&quot;pause_on_interaction&quot;:&quot;yes&quot;,&quot;autoplay_speed&quot;:5000,&quot;infinite&quot;:&quot;yes&quot;,&quot;effect&quot;:&quot;slide&quot;,&quot;speed&quot;:500,&quot;ekit_we_effect_on&quot;:&quot;none&quot;}\" data-widget_type=\"image-carousel.default\">\n\t\t\t\t<div class=\"elementor-widget-container\">\n\t\t\t\t\t\t\t<div class=\"elementor-image-carousel-wrapper swiper\" role=\"region\" aria-roledescription=\"carousel\" aria-label=\"Carrusel de im\u00e1genes\" dir=\"ltr\">\n\t\t\t<div class=\"elementor-image-carousel swiper-wrapper\" aria-live=\"off\">\n\t\t\t\t\t\t\t\t<div class=\"swiper-slide\" role=\"group\" aria-roledescription=\"slide\" aria-label=\"1 of 1\" data-no-translation-aria-label=\"\"><figure class=\"swiper-slide-inner\"><img decoding=\"async\" class=\"swiper-slide-image\" src=\"https:\/\/clinicamartagarcia.es\/wp-content\/uploads\/2025\/03\/dermatologia-1.png\" alt=\"dermatologia\" \/><\/figure><\/div>\t\t\t<\/div>\n\t\t\t\t\t<\/div>\n\t\t\t\t\t\t<\/div>\n\t\t\t\t<\/div>\n\t\t\t\t<\/div>\n\t\t<div class=\"elementor-element elementor-element-d54c1b0 e-con-full e-flex e-con e-child\" data-id=\"d54c1b0\" data-element_type=\"container\">\n\t\t\t\t<div class=\"elementor-element elementor-element-b9b6749 elementor-widget elementor-widget-heading\" data-id=\"b9b6749\" data-element_type=\"widget\" data-settings=\"{&quot;ekit_we_effect_on&quot;:&quot;none&quot;}\" data-widget_type=\"heading.default\">\n\t\t\t\t<div class=\"elementor-widget-container\">\n\t\t\t\t\t<p class=\"elementor-heading-title elementor-size-default\">Estudio de las enfermedades y afecciones dermatol\u00f3gicas que afectan al pie, englobando as\u00ed las alteraciones epid\u00e9rmicas y ungueales. Las patolog\u00edas m\u00e1s comunes son:<br><br>\n\u00b7 Papiloma o verruga plantar<br><br>\n\u00b7 Hongos en las u\u00f1as<br><br>\n\u00b7 Patolog\u00edas ungueales<br><br>\n\u00b7 U\u00f1a encarnada<br><br>\n\u00b7 Durezas y callosidades<br><br>\n\u00b7 Dermatomicosis\/ Pie Atleta<br><br>\n\u00b7 Psoriasis<\/p>\t\t\t\t<\/div>\n\t\t\t\t<\/div>\n\t\t\t\t<\/div>\n\t\t\t\t<\/div>\n\t\t<div class=\"elementor-element elementor-element-d7303b7 e-con-full e-flex e-con e-child\" data-id=\"d7303b7\" data-element_type=\"container\">\n\t\t<div class=\"elementor-element elementor-element-d1f3d43 e-con-full sticky-column e-flex e-con e-child\" data-id=\"d1f3d43\" data-element_type=\"container\">\n\t\t\t\t<div class=\"elementor-element elementor-element-2048a64 elementor-widget elementor-widget-primecare-elementor-template\" data-id=\"2048a64\" data-element_type=\"widget\" data-settings=\"{&quot;ekit_we_effect_on&quot;:&quot;none&quot;}\" data-widget_type=\"primecare-elementor-template.default\">\n\t\t\t\t<div class=\"elementor-widget-container\">\n\t\t\t\t\t\t\t<div class=\"elementor-template\">\n\t\t\t\t\t<\/div>\n\t\t\t\t\t\t<\/div>\n\t\t\t\t<\/div>\n\t\t\t\t<\/div>\n\t\t\t\t<\/div>\n\t\t\t\t\t<\/div>\n\t\t\t\t<\/div>\n\t\t\t\t<\/div>","protected":false},"excerpt":{"rendered":"<p>DERMATOLOG\u00cdA DEL PIE Home Estudio de las enfermedades y afecciones dermatol\u00f3gicas que afectan al pie, [&hellip;]<\/p>","protected":false},"author":1,"featured_media":0,"parent":101,"menu_order":0,"comment_status":"closed","ping_status":"closed","template":"elementor_header_footer","meta":{"_mi_skip_tracking":false,"_monsterinsights_sitenote_active":false,"_monsterinsights_sitenote_note":"","_monsterinsights_sitenote_category":0,"footnotes":""},"class_list":["post-7885","page","type-page","status-publish","hentry"],"_links":{"self":[{"href":"https:\/\/clinicamartagarcia.es\/en\/wp-json\/wp\/v2\/pages\/7885","targetHints":{"allow":["GET"]}}],"collection":[{"href":"https:\/\/clinicamartagarcia.es\/en\/wp-json\/wp\/v2\/pages"}],"about":[{"href":"https:\/\/clinicamartagarcia.es\/en\/wp-json\/wp\/v2\/types\/page"}],"author":[{"embeddable":true,"href":"https:\/\/clinicamartagarcia.es\/en\/wp-json\/wp\/v2\/users\/1"}],"replies":[{"embeddable":true,"href":"https:\/\/clinicamartagarcia.es\/en\/wp-json\/wp\/v2\/comments?post=7885"}],"version-history":[{"count":0,"href":"https:\/\/clinicamartagarcia.es\/en\/wp-json\/wp\/v2\/pages\/7885\/revisions"}],"up":[{"embeddable":true,"href":"https:\/\/clinicamartagarcia.es\/en\/wp-json\/wp\/v2\/pages\/101"}],"wp:attachment":[{"href":"https:\/\/clinicamartagarcia.es\/en\/wp-json\/wp\/v2\/media?parent=7885"}],"curies":[{"name":"wp","href":"https:\/\/api.w.org\/{rel}","templated":true}]}}